{"id":11,"date":"2020-07-19T08:33:49","date_gmt":"2020-07-19T08:33:49","guid":{"rendered":"https:\/\/limitierung.at\/?page_id=11"},"modified":"2020-08-25T16:07:51","modified_gmt":"2020-08-25T16:07:51","slug":"blog","status":"publish","type":"page","link":"https:\/\/limitierung.at\/index.php\/blog\/","title":{"rendered":"Service und Installation &#8211; mehr als Limitierung und Plombierung."},"content":{"rendered":"\n<h2 class=\"wp-block-heading\">Weit mehr als Limitierung und Plombierung von Tonanlagen in Wien und St. P\u00f6lten!<\/h2>\n\n\n\n<p>Bei uns gibt\u00b4s mehr. Wir limitieren und plombieren Ihre Anlage nach beh\u00f6rdlichen Erfordernissen. Um eine etwaige Wartezeit zwischen Installation, Messung und Befunderstellung zu \u00fcberbr\u00fccken, erhalten Sie als Kunde bei Bedarf zwischenzeitlich Leihger\u00e4te von uns.<\/p>\n\n\n\n<p>Au\u00dferdem mieten Sie bei uns weitere technische Ausr\u00fcstung und Equipment f\u00fcr Ihre Veranstaltung in Wien und St. P\u00f6lten: Mieten Sie Soundanlagen und DJ-Equipment bei <a href=\"https:\/\/djsetverleih.at\/\" target=\"_blank\" rel=\"noreferrer noopener\">djsetverleih.at<\/a>, Beamer und Displays bei <a href=\"https:\/\/beamermieten.at\/\" target=\"_blank\" rel=\"noreferrer noopener\">beamermieten.at<\/a> und Leinw\u00e4nder sowie weiteres Zubeh\u00f6r bei <a href=\"http:\/\/leinwandmieten.at\/\" target=\"_blank\" rel=\"noreferrer noopener\">leinwandmieten.at<\/a><\/p>\n","protected":false},"excerpt":{"rendered":"<p>Weit mehr als Limitierung und Plombierung von Tonanlagen in Wien und St. P\u00f6lten! Bei uns gibt\u00b4s mehr. Wir limitieren und plombieren Ihre Anlage nach beh\u00f6rdlichen Erfordernissen. Um eine etwaige Wartezeit zwischen Installation, Messung und Befunderstellung zu \u00fcberbr\u00fccken, erhalten Sie als Kunde bei Bedarf zwischenzeitlich Leihger\u00e4te von uns. Au\u00dferdem mieten Sie bei uns weitere technische Ausr\u00fcstung &hellip; <\/p>\n<p class=\"link-more\"><a href=\"https:\/\/limitierung.at\/index.php\/blog\/\" class=\"more-link\">Continue reading<span class=\"screen-reader-text\"> &#8220;Service und Installation &#8211; mehr als Limitierung und Plombierung.&#8221;<\/span><\/a><\/p>\n","protected":false},"author":1,"featured_media":0,"parent":0,"menu_order":0,"comment_status":"closed","ping_status":"closed","template":"","meta":{"footnotes":""},"class_list":["post-11","page","type-page","status-publish","hentry"],"aioseo_notices":[],"_links":{"self":[{"href":"https:\/\/limitierung.at\/index.php\/wp-json\/wp\/v2\/pages\/11","targetHints":{"allow":["GET"]}}],"collection":[{"href":"https:\/\/limitierung.at\/index.php\/wp-json\/wp\/v2\/pages"}],"about":[{"href":"https:\/\/limitierung.at\/index.php\/wp-json\/wp\/v2\/types\/page"}],"author":[{"embeddable":true,"href":"https:\/\/limitierung.at\/index.php\/wp-json\/wp\/v2\/users\/1"}],"replies":[{"embeddable":true,"href":"https:\/\/limitierung.at\/index.php\/wp-json\/wp\/v2\/comments?post=11"}],"version-history":[{"count":2,"href":"https:\/\/limitierung.at\/index.php\/wp-json\/wp\/v2\/pages\/11\/revisions"}],"predecessor-version":[{"id":140,"href":"https:\/\/limitierung.at\/index.php\/wp-json\/wp\/v2\/pages\/11\/revisions\/140"}],"wp:attachment":[{"href":"https:\/\/limitierung.at\/index.php\/wp-json\/wp\/v2\/media?parent=11"}],"curies":[{"name":"wp","href":"https:\/\/api.w.org\/{rel}","templated":true}]}}