{"id":182,"date":"2021-01-05T08:50:06","date_gmt":"2021-01-05T08:50:06","guid":{"rendered":"https:\/\/limitierung.at\/?page_id=182"},"modified":"2023-03-09T18:28:35","modified_gmt":"2023-03-09T18:28:35","slug":"agbs","status":"publish","type":"page","link":"https:\/\/limitierung.at\/index.php\/agbs\/","title":{"rendered":"AGB\u00b4s"},"content":{"rendered":"\n<h4 class=\"wp-block-heading\"><em><strong>Das gro\u00dfe Kleingedruckte (AGBs).<\/strong><\/em><\/h4>\n\n\n\n<p><\/p>\n\n\n\n<p>Wir haben keine versteckten Klauseln. Eigentlich ist es ganz einfach:<\/p>\n\n\n\n<p>1.) Preise: Alle Preise verstehen sich netto zzgl. geltender \u00f6sterreichischer Umsatzsteuer (20%). Wenn nicht anders angegeben, beziehen sich s\u00e4mtliche Preisangaben auf eine Tagesmiete des betreffenden Mietgegenstands. Den jeweiligen Listenpreis finden Sie im Beschreibungstext zu jedem Artikel.<\/p>\n\n\n\n<p>1.1.) Angebote: Wenn nicht anders &#8211; explizit &#8211; vemerkt, binden wir uns an f\u00fcr 7 Werktage an von uns ausgestellte Angebote. Bei Angeboten kommen Ihnen in vielen F\u00e4llen gerne ein bisserl entgegen. Dabei ersuchen wir aber auch um Fairness Ihrerseits. So ein Fairplay bedeutet: Etwaige &#8211; von den Listenpreisen lt. Website &#8211; abweichende Angebotspreise gelten ausschlie\u00dflich, solang Sie als Kund\/In Ihrer Zahlungsverpflichtung innerhalb des vermerkten Zahlungsziels nachkommen. Tun Sie das nicht, sind wir berechtigt, sodann &#8211; vom Angebot abweichend &#8211; den Listenpreis lt. Website-Beschreibung zu fordern.<\/p>\n\n\n\n<p>2.) Ein Gesch\u00e4ftsverh\u00e4ltnis beziehungsweise Mietvertrag kommt durch Bestellung Ihrerseits und Annahme des Auftrags unsererseits (schriftlich) zustande.<\/p>\n\n\n\n<p>3.) Mietzeitraum: Sofern nicht schriftlich anders vereinbart, gilt der Mietzeitraum als auf einen Tag beschr\u00e4nkt. In der Regel bedeutet dies einen Mietzeitraum von 24 Stunden.<\/p>\n\n\n\n<p>4.) Gefahren\u00fcbergang und Haftung: Die jeweiige Partei in-obligo, jene also, die sich im Besitz der Ger\u00e4tschaften befindet, haftet f\u00fcr deren sorgsame Behandlung und Unversehrtheit. Das hei\u00dft, dass etwaige Sch\u00e4den, die \u00fcber eine \u00fcbliche Abnutzung hinausgehen, zu kompensieren beziehungsweise zu ersetzen sind.<\/p>\n\n\n\n<p>5.) Die (Schaden-)Ersatzpflicht gilt f\u00fcr den Kunden insbesonders im Fall von Diebstahl beziehungsweise Verlust unseres Eigentums. Wir empfehlen daher den Abschluss einer dezidierten Versicherung bei sonstiger pers\u00f6nlicher Haftung durch den Kunden.<\/p>\n\n\n\n<p>Grundlegend gilt, dass die Partei haftet, die mit dem Equipment hantiert. Bei Abholung und Eigenbetreuung unserer Ger\u00e4tschaften durch den Kunden haftet dieser vom Zeitpunkt der Equipment\u00fcbergabe bis zur Retournierung. Zur beidseitigen Sicherheit ist jeweils ein \u00dcbernahme- \/ \u00dcbergabeprotokoll anzufertigen.<\/p>\n\n\n\n<p>Bei Lieferung durch uns und Betreuung der Ger\u00e4tschaften durch den Kunden findet der Haftungs\u00fcbergang zum Zeitpunkt der \u00dcbernahme beziehungsweise \u00dcbergabe durch respektive vom Kunden statt. Es ist ebenfalls ein entsprechendes Protokoll anzufertigen.<\/p>\n\n\n\n<p>Im Falle der kompletten Serviceleistung durch uns, limitierung.at, liegt die Haftung f\u00fcr eine etwaige Besch\u00e4digung und \/ oder Verlust der Ger\u00e4tschaften konsequenter Weise in unserem Bereich. Ein Schaden bzw. Verlust, der durch Hantieren entgegen den Hinweisen \/ Bestimmungen des jeweiligen (Ger\u00e4te-)Herstellers zum ordnungsgem\u00e4\u00dfen Gebrauch der Ware durch \u00f6rtlich anwesender Personen, die nicht dem Auftragnemer zuzurechnen sind, entsteht, sowie Diebstahl im r\u00e4umlichen Bereich des Auftraggebers, sind jedenfalls vom Kunden \/ von der Kundin zu verantworten und abzuwickeln bzw. f\u00e4llt dessen \/ deren Haftung anbei. <\/p>\n\n\n\n<p>Der Kunde ist jedenfalls verpflichtet, alles in seiner Macht stehende zu tun, um Besch\u00e4digungen \/ Verlust \/ Diebstahl m\u00f6glichst zu unterbinden. Dies gilt bei eigener Abholung \/ R\u00fcckf\u00fchrung und Betreuung gleichwie im Falle der Abwicklung durch uns. Als Referenz f\u00fcr einen sorgf\u00e4ltigen Umgang mit unserer Ausr\u00fcstung k\u00f6nnen diesbez\u00fcglich einschl\u00e4gige (Haftpflicht-)Polizzen beziehugnsweise Versicherungsvertr\u00e4ge betrachtet werden, die eine entsprechende Sorgsamkeitsverpflichtung oder auch, beispielsweise, das Einsperren von Ger\u00e4tschaften bei Nichtbenutzung vorsehen.<\/p>\n\n\n\n<p>6.) Haftungsausschluss: Keine Partei haftet f\u00fcr etwaige Sch\u00e4den und \/ oder gesch\u00e4ftliche Peripherien, die \u00fcber das eigentliche Mietgesch\u00e4ft hinausgehen.<\/p>\n\n\n\n<p>Insbesonders ist dabei die M\u00f6glichkeit einer etwaigen Fehlfunktion respektive eines insgesamten Funktionsausfalls einer technischen Ausr\u00fcstung zu verstehen. limitierung.at ist zur gr\u00f6\u00dftm\u00f6glichen Sorgfalt verpflichtet und wird seine Ger\u00e4tschaften stets ordentlich instand halten. Im Falle einer Fehlfunktion wird limitierung.at alles in seiner Macht Stehende tun, um die ordnungsgem\u00e4\u00dfe Funktion zu gw\u00e4hrleisten. Beispielsweise kann dies durch Stellen eines Ersatz-Equipments geschehen, wobei in diesem \/ so einem Fall die Entscheidung \u00fcber das einzusetzende Ersatzger\u00e4t bei limitierung.at liegt. Insbesondere im Fall eines Fremdeingriffs \/ Manipulation geht die Haftung f\u00fcr Folgen, die aus der bestimmungs- und bestellungsfremden Betriebsweise resultieren, weiteren auf den Kunden \u00fcber. Dies betrifft insbesondere (rechtliche) Folgen, die durch einen Betrieb von Anlagen au\u00dferhalb der Spezifikationen beziehungsweise au\u00dferhalb der durch Messprotokolle etc festgelegte Parameter resultieren. Beispielsweise f\u00fchren gebrochene Siegel und \/ oder sonstige Fremdeingriffe automatisch zur Nichtigkeit jeglicher Gew\u00e4hrleistungs- bzw. Garantievereinbarungen.<\/p>\n\n\n\n<p>Die gesetzliche Gew\u00e4hrleistung respektive etwaige Garantiebedigungen in technischer Hinsicht bleiben davon, sofern keine funktions- oder betriebsst\u00f6rende Ma\u00dfnahmen gesetzt wurden, die zu einem Ausschluss bzw. vorzeitigem Ende der gesetzlichen Gew\u00e4hrleistungspflicht f\u00fchren, unber\u00fchrt; Beispielsweise aber f\u00fchrt eine unautorisierte \u00d6ffnung eines Ger\u00e4ts jedenfalls zum Erlischen s\u00e4mtlicher Gew\u00e4hrleistungs- bzw. Garantierechte.<\/p>\n\n\n\n<p>Kommt der Fall einer Ersatz-Stellung zur Anwendung, so wird beamermieten.at etwaige Weniger-Kosten laut Preisliste \/ Listenpreis zum Zeitpunkt der Buchung refundieren. Mehrkosten durch h\u00f6herwertiges Equipment gehen zulasten von beamermieten.at, werden also nicht dem Kunden in Rechnung gestellt. Im Fall von Individualangeboten mit abweichenden Preisen erfolgt eine etwaige Refundierung bis zur H\u00f6he des Listenpreises des eingesetzten &#8211; g\u00fcnstigeren &#8211; Ger\u00e4ts.<\/p>\n\n\n\n<p>Trotz gr\u00f6\u00dfter Sorgfalt vonseiten limitierung.at kann es unvorhergesehen zu einer Funktionsst\u00f6rung und sogar einem Totalausfall kommen. Beamermieten.at haftet dabei in keinem Fall f\u00fcr etwaige, \u00fcber das gegenst\u00e4ndliche Mietgesch\u00e4ft hinausgehende (Folge-)Sch\u00e4den durch Unregelm\u00e4\u00dfigkeiten bei einer Veranstaltung. Allem voran ist damit jegliche Haftung f\u00fcr finanzielle (Folge-)Sch\u00e4den und \/ oder Gewinnentgangsszenarien dezidiert ausgeschlossen.<\/p>\n\n\n\n<p>7.) Im Fall eines anderen Gesch\u00e4fts:<\/p>\n\n\n\n<ul class=\"wp-block-list\"><li>Kauf und Verkauf<\/li><li>Servicearbeiten (Installationen, &#8230;)<\/li><\/ul>\n\n\n\n<p>In oben genannten F\u00e4llen gilt: Jede von uns gelieferte Ware verbleibt bis zur vollst\u00e4ndigen Bezahlung im Eigentum der Firma limitierung.at \/ Fa. Rainer Adelsberger BA MA MA. Im Falle einer Nicht-Bezahlung sp\u00e4testens nach Aufforderung geht die Ware wieder in den Besitz des liefernden \/ leistenden Unternehmens \u00fcber. Entstehen dadurch Mehrkosten, sind diese ebenfalls vom Kunden \/ Auftraggeber zu bezahlen.<\/p>\n\n\n\n<p>Besondere Bestimmung im Fall einer Pf\u00e4ndung bzw. Exekution; Der Kunde ist daf\u00fcr verantwortlich, dass durch uns in jedem Gesch\u00e4ftsfall bereitgestellte\/s Equipment und Ger\u00e4tschaften entsprd.&nbsp; Pkt.4-5 pfleglich und dem origin\u00e4ren Bestimmungszweck entsprechend behandelt werden. Dies schlie\u00dft auch eine erweiterte Sorgfaltspflicht im Fall juristischer Zwangsma\u00dfnahmen (bspw.: Exekutionen \/ Pf\u00e4ndungen durch Dritte) ein. Der Kunde hat daf\u00fcr zu sorgen, dass &#8211; entsprechend dem gegenst\u00e4ndlichen Eigentumsvorbehalt &#8211; nicht vollst\u00e4ndig bezahlte Ware zumindest in der eigenen Verf\u00fcgung verbleiben.<\/p>\n\n\n\n<p>Sofern nicht &#8211; beispielsweise im B2B-Gesch\u00e4ftsverkehr &#8211; anders ausgeschildert, besteht f\u00fcr Konsument\/Innen jedenfalls die gesetzliche Gew\u00e4hrleistung.<\/p>\n\n\n\n<p>8.) Externe Links: beamermieten.at pr\u00fcft externe Verlinkungen selbstverst\u00e4ndlich mit gr\u00f6\u00dftm\u00f6glicher Sorgfalt. Dennoch \u00fcbernehmen wir keine Haftung f\u00fcr Inhalte aus externen Seiten beziehungsweise distanzieren wir uns explizit davon.<\/p>\n\n\n\n<p>9.) Rechtsstand, anzuwendendes Recht und salvatorische Klausel: Der Rechts- beziehungsweise Gerichtsstandort ist Wien. Es gilt unabh\u00e4ngig dieser allgemeinen Gesch\u00e4ftsbedingungen (&#8220;AGBs&#8221;) \u00f6sterreichisches Recht. Sofern sich in einem konkreten Szenario ein Vertragspunkt als unwirksam herausstellt, ist sinngleiches subsidi\u00e4res Recht anzuwenden und bleiben die anderen Passi davon unber\u00fchrt.<\/p>\n","protected":false},"excerpt":{"rendered":"<p>Das gro\u00dfe Kleingedruckte (AGBs). Wir haben keine versteckten Klauseln. Eigentlich ist es ganz einfach: 1.) Preise: Alle Preise verstehen sich netto zzgl. geltender \u00f6sterreichischer Umsatzsteuer (20%). Wenn nicht anders angegeben, beziehen sich s\u00e4mtliche Preisangaben auf eine Tagesmiete des betreffenden Mietgegenstands. Den jeweiligen Listenpreis finden Sie im Beschreibungstext zu jedem Artikel. 1.1.) Angebote: Wenn nicht anders &hellip; <\/p>\n<p class=\"link-more\"><a href=\"https:\/\/limitierung.at\/index.php\/agbs\/\" class=\"more-link\">Continue reading<span class=\"screen-reader-text\"> &#8220;AGB\u00b4s&#8221;<\/span><\/a><\/p>\n","protected":false},"author":1,"featured_media":0,"parent":0,"menu_order":0,"comment_status":"closed","ping_status":"closed","template":"","meta":{"footnotes":""},"class_list":["post-182","page","type-page","status-publish","hentry"],"aioseo_notices":[],"_links":{"self":[{"href":"https:\/\/limitierung.at\/index.php\/wp-json\/wp\/v2\/pages\/182","targetHints":{"allow":["GET"]}}],"collection":[{"href":"https:\/\/limitierung.at\/index.php\/wp-json\/wp\/v2\/pages"}],"about":[{"href":"https:\/\/limitierung.at\/index.php\/wp-json\/wp\/v2\/types\/page"}],"author":[{"embeddable":true,"href":"https:\/\/limitierung.at\/index.php\/wp-json\/wp\/v2\/users\/1"}],"replies":[{"embeddable":true,"href":"https:\/\/limitierung.at\/index.php\/wp-json\/wp\/v2\/comments?post=182"}],"version-history":[{"count":9,"href":"https:\/\/limitierung.at\/index.php\/wp-json\/wp\/v2\/pages\/182\/revisions"}],"predecessor-version":[{"id":224,"href":"https:\/\/limitierung.at\/index.php\/wp-json\/wp\/v2\/pages\/182\/revisions\/224"}],"wp:attachment":[{"href":"https:\/\/limitierung.at\/index.php\/wp-json\/wp\/v2\/media?parent=182"}],"curies":[{"name":"wp","href":"https:\/\/api.w.org\/{rel}","templated":true}]}}