{"id":36,"date":"2020-07-19T08:55:14","date_gmt":"2020-07-19T08:55:14","guid":{"rendered":"https:\/\/limitierung.at\/?page_id=36"},"modified":"2021-02-14T21:17:44","modified_gmt":"2021-02-14T21:17:44","slug":"limitieren-plombieren","status":"publish","type":"page","link":"https:\/\/limitierung.at\/index.php\/limitieren-plombieren\/","title":{"rendered":"Limitieren \/ Plombieren"},"content":{"rendered":"\n<h2 class=\"wp-block-heading\">Limitieren und Plombieren von Tonanlagen. Wien und St. P\u00f6lten.<\/h2>\n\n\n\n<p>Limitierungen von Tonanlagen dienen dazu, die maximale Schallemission zu begrenzen. Wir limitieren und plombieren Tonanlagen in Wien und St. P\u00f6lten. Alles, was Sie brauchen, ist eine beh\u00f6rdliche Verst\u00e4ndigung mit den einzuhaltenden Werten (A-Kurve, C-Kurve).<\/p>\n\n\n\n<p>Wir begutachten und analysieren Ihre Installation und f\u00fchren anschlie\u00dfend eine m\u00f6glicherweise notwendige akustische Einmessung und Einpegelng durch. Im Anschluss setzen wir die Limitierungspunkte und plombieren Ihre Tonanlage mit einer manipulationssicheren Plombe. So halten Sie ganz einfach beh\u00f6rdliche Auflagen ein.<\/p>\n\n\n\n<figure class=\"wp-block-image size-large\"><img loading=\"lazy\" decoding=\"async\" width=\"1024\" height=\"683\" src=\"https:\/\/limitierung.at\/wp-content\/uploads\/2020\/08\/IMG_20200815_1028047-1-1024x683.jpg\" alt=\"\" class=\"wp-image-101\" srcset=\"https:\/\/limitierung.at\/wp-content\/uploads\/2020\/08\/IMG_20200815_1028047-1-1024x683.jpg 1024w, https:\/\/limitierung.at\/wp-content\/uploads\/2020\/08\/IMG_20200815_1028047-1-300x200.jpg 300w, https:\/\/limitierung.at\/wp-content\/uploads\/2020\/08\/IMG_20200815_1028047-1-768x512.jpg 768w, https:\/\/limitierung.at\/wp-content\/uploads\/2020\/08\/IMG_20200815_1028047-1-1536x1024.jpg 1536w, https:\/\/limitierung.at\/wp-content\/uploads\/2020\/08\/IMG_20200815_1028047-1.jpg 1600w\" sizes=\"auto, (max-width: 706px) 89vw, (max-width: 767px) 82vw, 740px\" \/><figcaption>Sound-Setup &amp; internes Routing eines digitalen Audio-Signalprozessors (&#8220;DSP&#8221;).<\/figcaption><\/figure>\n\n\n\n<h2 class=\"wp-block-heading\">Kosten. Limitierung und Plombierung in Wien und St. P\u00f6lten.<\/h2>\n\n\n\n<p>Die Kosten f\u00fcr eine Limitierung und Plombierng nach beh\u00f6rdlichen Vorgaben h\u00e4ngen von Art und Umfang der vorhandenen Anlage ab. Sofern nicht vorhanden, muss ein geeigneter Digitalcontroller oder dedizierter Limiter installiert werden. Ist alles vorhanden und verwendbar, kann mit Kosten ab 349 Euro (zzgl. USt.) gerechnet werden.<\/p>\n\n\n\n<h2 class=\"wp-block-heading\">Miete und Verleih &#8211; Wien und St. P\u00f6lten<\/h2>\n\n\n\n<p>Sie k\u00f6nnen eine Tonanlage auch mieten. In unserem Verleih in Wien und St. P\u00f6lten finden Sie Suondsysteme in unterschiedlichen Gr\u00f6\u00dfen und Dimensionen. Wir liefern praktische Akkuboxen f\u00fcr absolut unabh\u00e4ngige Beschallung. Klassische Aktivlautsprecher f\u00fcr mobile DJs, kleinere und mittlere Veranstaltungen und ausgewachsene Soundsysteme. Letztere verbauen wir bei Bedarf samt mobiler Stromversorgung auf Trucks f\u00fcr Streetparades etc., &#8230;<\/p>\n\n\n\n<p>Mehr dazu auf <a href=\"http:\/\/djsetverleih.at\/soundanlagen\/\" target=\"_blank\" rel=\"noreferrer noopener\">www.djsetverleih.at<\/a>.<\/p>\n","protected":false},"excerpt":{"rendered":"<p>Limitieren und Plombieren von Tonanlagen. Wien und St. P\u00f6lten. Limitierungen von Tonanlagen dienen dazu, die maximale Schallemission zu begrenzen. Wir limitieren und plombieren Tonanlagen in Wien und St. P\u00f6lten. Alles, was Sie brauchen, ist eine beh\u00f6rdliche Verst\u00e4ndigung mit den einzuhaltenden Werten (A-Kurve, C-Kurve). Wir begutachten und analysieren Ihre Installation und f\u00fchren anschlie\u00dfend eine m\u00f6glicherweise notwendige &hellip; <\/p>\n<p class=\"link-more\"><a href=\"https:\/\/limitierung.at\/index.php\/limitieren-plombieren\/\" class=\"more-link\">Continue reading<span class=\"screen-reader-text\"> &#8220;Limitieren \/ Plombieren&#8221;<\/span><\/a><\/p>\n","protected":false},"author":1,"featured_media":0,"parent":0,"menu_order":0,"comment_status":"closed","ping_status":"closed","template":"","meta":{"footnotes":""},"class_list":["post-36","page","type-page","status-publish","hentry"],"aioseo_notices":[],"_links":{"self":[{"href":"https:\/\/limitierung.at\/index.php\/wp-json\/wp\/v2\/pages\/36","targetHints":{"allow":["GET"]}}],"collection":[{"href":"https:\/\/limitierung.at\/index.php\/wp-json\/wp\/v2\/pages"}],"about":[{"href":"https:\/\/limitierung.at\/index.php\/wp-json\/wp\/v2\/types\/page"}],"author":[{"embeddable":true,"href":"https:\/\/limitierung.at\/index.php\/wp-json\/wp\/v2\/users\/1"}],"replies":[{"embeddable":true,"href":"https:\/\/limitierung.at\/index.php\/wp-json\/wp\/v2\/comments?post=36"}],"version-history":[{"count":5,"href":"https:\/\/limitierung.at\/index.php\/wp-json\/wp\/v2\/pages\/36\/revisions"}],"predecessor-version":[{"id":212,"href":"https:\/\/limitierung.at\/index.php\/wp-json\/wp\/v2\/pages\/36\/revisions\/212"}],"wp:attachment":[{"href":"https:\/\/limitierung.at\/index.php\/wp-json\/wp\/v2\/media?parent=36"}],"curies":[{"name":"wp","href":"https:\/\/api.w.org\/{rel}","templated":true}]}}