{"id":37,"date":"2020-07-19T08:55:14","date_gmt":"2020-07-19T08:55:14","guid":{"rendered":"https:\/\/limitierung.at\/?page_id=37"},"modified":"2020-08-25T11:20:50","modified_gmt":"2020-08-25T11:20:50","slug":"planung-und-errichtung","status":"publish","type":"page","link":"https:\/\/limitierung.at\/index.php\/planung-und-errichtung\/","title":{"rendered":"Planung und Errichtung"},"content":{"rendered":"\n<h2 class=\"wp-block-heading\">Planung und Errichtung von Tonanlagen.<\/h2>\n\n\n\n<p>Wir planen und errichten Tonanlagen passend zu lokalen Anforderungen und in Abstimmung mit beh\u00f6rdlichen Vorgaben und Auflagen. Wir planen, bauen und errichten Tonanlagen f\u00fcr mobile Anwendungen und Fixinstallationen in Bars, Restaurants, Clubs und Diskotheken. <\/p>\n\n\n\n<figure class=\"wp-block-image size-large\"><img loading=\"lazy\" decoding=\"async\" width=\"758\" height=\"426\" src=\"https:\/\/limitierung.at\/wp-content\/uploads\/2020\/08\/PlanungTA.jpg\" alt=\"\" class=\"wp-image-120\" srcset=\"https:\/\/limitierung.at\/wp-content\/uploads\/2020\/08\/PlanungTA.jpg 758w, https:\/\/limitierung.at\/wp-content\/uploads\/2020\/08\/PlanungTA-300x169.jpg 300w\" sizes=\"auto, (max-width: 706px) 89vw, (max-width: 767px) 82vw, 740px\" \/><figcaption>Design eines DSP-basierten Systems; Der DSP (&#8220;digitaler Signalprozessor&#8221;) ist das Herzst\u00fcck Ihrer Tonanlage<\/figcaption><\/figure>\n\n\n\n<h2 class=\"wp-block-heading\">Planung, Bau und Service von Tonanlagen.<\/h2>\n\n\n\n<p>Wir planen und bauen Tonanlagen entsprechend Ihrer Vorgaben. Je nach Anwendungszweck kann eine Tonanlage unterschiedlich komplex sein. Im einfachsten Fall besteht sie aus einem Zuspieler (Laptop, Handy, CD-\/MP3-Player, &#8230;), einem Verst\u00e4rker und einem Lautsprecher. Im Fall von Unregelm\u00e4\u00dfigkeiten und St\u00f6rungen leisten wir technischen Service f\u00fcr Ihre Tonanlage.<\/p>\n\n\n\n<p>Gr\u00f6\u00dfere Systeme  bestehen oft aus mehreren Lautsprechern und dazu passenden DSP\u00b4s (&#8220;digitale Signalprozessoren&#8221;). Letztere sind notwendig, um jedem Lautsprecher das passende Signal zuzuleiten. Im einfachsten Fall geht es dabei um die Trennung von Mittel-\/Hochtonfrequenzanteilen sowie Tieftonsignalen (Subwoofer). <\/p>\n\n\n\n<p>Bei gr\u00f6\u00dferen Installationen, oft aber auch bei B\u00fchnen im Open-Air-Bereich, m\u00fcssen Signale aber auch zeitlich angepasst, das hei\u00dft, verz\u00f6gert, werden. Dies dient dazu, um an jeder H\u00f6rposition im akustischen Bestrahlungsfeld einer Tonanlage ein gleichbleibendes Signal ohne Signal-Doppelungen zu erzielen. Dazu werden mittels Delay (&#8220;Verz\u00f6gerung&#8221;) die Signalausspielungen der einzelnen Lautsprecher derart angepasst, dass dadurch Laufzeitdifferenzen, die durch unterschiedliche Lautsprecherpositionen und die Schallgeschwindigkeit (rd. 343 Meter pro Sekunde bei 20C in trockener Luft) entstehen, ausgeglichen werden. Im Ergebnis sollen alle Schallwellen aller Lautsprecher an einem bestimmten H\u00f6rpunkt zur selben Zeit ankommen, um ein gutes akustisches Ergebnis zu erzielen.<\/p>\n\n\n\n<figure class=\"wp-block-image size-large\"><img loading=\"lazy\" decoding=\"async\" width=\"1024\" height=\"575\" src=\"https:\/\/limitierung.at\/wp-content\/uploads\/2020\/08\/TonanlageSetup-1024x575.jpg\" alt=\"\" class=\"wp-image-121\" srcset=\"https:\/\/limitierung.at\/wp-content\/uploads\/2020\/08\/TonanlageSetup-1024x575.jpg 1024w, https:\/\/limitierung.at\/wp-content\/uploads\/2020\/08\/TonanlageSetup-300x169.jpg 300w, https:\/\/limitierung.at\/wp-content\/uploads\/2020\/08\/TonanlageSetup-768x431.jpg 768w, https:\/\/limitierung.at\/wp-content\/uploads\/2020\/08\/TonanlageSetup.jpg 1287w\" sizes=\"auto, (max-width: 706px) 89vw, (max-width: 767px) 82vw, 740px\" \/><figcaption>Einstellungen und Programmierung eines digitalen Signalprozessors (DSP)<\/figcaption><\/figure>\n\n\n\n<h2 class=\"wp-block-heading\">Verleih in Wien und St. P\u00f6lten: Mieten Sie Tonanlagen und Soundsysteme!<\/h2>\n\n\n\n<p>Mieten Sie aus unserem Verleih in Wien und St. P\u00f6lten Tonanlagen und Soundsyteme f\u00fcr Ihre Veranstaltung. Sie erhalten bei uns ganz einfache mobile Anlagen, bestehend aus akkubetriebenen Lautsprechern: Perfekt f\u00fcr wirklich mobile Anwendungen &#8211; beispielsweise Lesungen oder Diskussionsveranstaltungen im Open-Air Bereich. Dazu passend mieten Sie bei uns auch hochwertige Funkmikrofone samt ebenfalls akkubetriebenen mobilen Empf\u00e4ngeranlagen. <\/p>\n\n\n\n<figure class=\"wp-block-image size-large\"><img loading=\"lazy\" decoding=\"async\" width=\"828\" height=\"1024\" src=\"https:\/\/limitierung.at\/wp-content\/uploads\/2020\/08\/JBLEonCompactOne-828x1024.jpg\" alt=\"\" class=\"wp-image-122\" srcset=\"https:\/\/limitierung.at\/wp-content\/uploads\/2020\/08\/JBLEonCompactOne-828x1024.jpg 828w, https:\/\/limitierung.at\/wp-content\/uploads\/2020\/08\/JBLEonCompactOne-242x300.jpg 242w, https:\/\/limitierung.at\/wp-content\/uploads\/2020\/08\/JBLEonCompactOne-768x950.jpg 768w, https:\/\/limitierung.at\/wp-content\/uploads\/2020\/08\/JBLEonCompactOne-1241x1536.jpg 1241w, https:\/\/limitierung.at\/wp-content\/uploads\/2020\/08\/JBLEonCompactOne.jpg 1500w\" sizes=\"auto, (max-width: 706px) 89vw, (max-width: 767px) 82vw, 740px\" \/><figcaption>JBL EON-Compact: Mobiler Akkulautsprecher mit wechselbarem Akku<\/figcaption><\/figure>\n\n\n\n<p>Bei djsetverleih.at mieten Sie aber auch <a href=\"https:\/\/djsetverleih.at\/soundanlagen\/\" target=\"_blank\" rel=\"noreferrer noopener\">klassische Aktivboxen und Soundsysteme<\/a> in gr\u00f6\u00dferer, skalierbarer Dimension f\u00fcr mobile Anwendungen genauso wie f\u00fcr Fixinstallationen. Bei beamermieten.at bekommt das Ganze dann auch noch einen multimedialen Touch! <a href=\"https:\/\/beamermieten.at\/\" target=\"_blank\" rel=\"noreferrer noopener\">Hier mieten Sie Beamer, Leinw\u00e4nde und Displays sowie allgemeine Medientechnik<\/a> f\u00fcr eine immersive ausdrucksstarke Veranstaltung.<\/p>\n\n\n\n<figure class=\"wp-block-image size-large\"><img loading=\"lazy\" decoding=\"async\" width=\"1024\" height=\"683\" src=\"https:\/\/limitierung.at\/wp-content\/uploads\/2020\/08\/IMG_20200618_1603303-1024x683.jpg\" alt=\"\" class=\"wp-image-123\" srcset=\"https:\/\/limitierung.at\/wp-content\/uploads\/2020\/08\/IMG_20200618_1603303-1024x683.jpg 1024w, https:\/\/limitierung.at\/wp-content\/uploads\/2020\/08\/IMG_20200618_1603303-300x200.jpg 300w, https:\/\/limitierung.at\/wp-content\/uploads\/2020\/08\/IMG_20200618_1603303-768x512.jpg 768w, https:\/\/limitierung.at\/wp-content\/uploads\/2020\/08\/IMG_20200618_1603303-1536x1024.jpg 1536w, https:\/\/limitierung.at\/wp-content\/uploads\/2020\/08\/IMG_20200618_1603303.jpg 1600w\" sizes=\"auto, (max-width: 706px) 89vw, (max-width: 767px) 82vw, 740px\" \/><figcaption>Gro\u00dfe Leinwand f\u00fcr gro\u00dfe Veranstaltungen: 4,6 Meter Bildbreite und 10.600 ANSI-Lumen bei beamermieten.at<\/figcaption><\/figure>\n","protected":false},"excerpt":{"rendered":"<p>Planung und Errichtung von Tonanlagen. Wir planen und errichten Tonanlagen passend zu lokalen Anforderungen und in Abstimmung mit beh\u00f6rdlichen Vorgaben und Auflagen. Wir planen, bauen und errichten Tonanlagen f\u00fcr mobile Anwendungen und Fixinstallationen in Bars, Restaurants, Clubs und Diskotheken. Planung, Bau und Service von Tonanlagen. Wir planen und bauen Tonanlagen entsprechend Ihrer Vorgaben. Je nach &hellip; <\/p>\n<p class=\"link-more\"><a href=\"https:\/\/limitierung.at\/index.php\/planung-und-errichtung\/\" class=\"more-link\">Continue reading<span class=\"screen-reader-text\"> &#8220;Planung und Errichtung&#8221;<\/span><\/a><\/p>\n","protected":false},"author":1,"featured_media":0,"parent":0,"menu_order":0,"comment_status":"closed","ping_status":"closed","template":"","meta":{"footnotes":""},"class_list":["post-37","page","type-page","status-publish","hentry"],"aioseo_notices":[],"_links":{"self":[{"href":"https:\/\/limitierung.at\/index.php\/wp-json\/wp\/v2\/pages\/37","targetHints":{"allow":["GET"]}}],"collection":[{"href":"https:\/\/limitierung.at\/index.php\/wp-json\/wp\/v2\/pages"}],"about":[{"href":"https:\/\/limitierung.at\/index.php\/wp-json\/wp\/v2\/types\/page"}],"author":[{"embeddable":true,"href":"https:\/\/limitierung.at\/index.php\/wp-json\/wp\/v2\/users\/1"}],"replies":[{"embeddable":true,"href":"https:\/\/limitierung.at\/index.php\/wp-json\/wp\/v2\/comments?post=37"}],"version-history":[{"count":3,"href":"https:\/\/limitierung.at\/index.php\/wp-json\/wp\/v2\/pages\/37\/revisions"}],"predecessor-version":[{"id":125,"href":"https:\/\/limitierung.at\/index.php\/wp-json\/wp\/v2\/pages\/37\/revisions\/125"}],"wp:attachment":[{"href":"https:\/\/limitierung.at\/index.php\/wp-json\/wp\/v2\/media?parent=37"}],"curies":[{"name":"wp","href":"https:\/\/api.w.org\/{rel}","templated":true}]}}