{"id":40,"date":"2020-07-19T08:55:15","date_gmt":"2020-07-19T08:55:15","guid":{"rendered":"https:\/\/limitierung.at\/?page_id=40"},"modified":"2020-08-25T16:17:31","modified_gmt":"2020-08-25T16:17:31","slug":"displays","status":"publish","type":"page","link":"https:\/\/limitierung.at\/index.php\/displays\/","title":{"rendered":"Displays"},"content":{"rendered":"\n<h2 class=\"wp-block-heading\">Verleih in Wien und St. P\u00f6lten &#8211; Mieten Sie Displays bis 65 Zoll inkl. Standfu\u00df<\/h2>\n\n\n\n<p>Mieten Sie bei uns Displays in unterschiedlichen Gr\u00f6\u00dfen. Verf\u00fcgbar sind Displays in 46&#8243;, 55&#8243; und 65&#8243;. Selbst die kleinsten Displays aus unserem Verleih in Wien und St. P\u00f6lten stellen zumindest eine FullHD-Aufl\u00f6sung nativ dar. Gr\u00f6\u00dfere Displays wie jene 55&#8243;er und 65&#8243;er verf\u00fcgen nativ und unkomprimiert \u00fcber eine echte 4K-Aufl\u00f6sung. Dies erm\u00f6glicht die Anzeige h\u00f6chstaufl\u00f6sender Bilder.<\/p>\n\n\n\n<figure class=\"wp-block-image size-large\"><img loading=\"lazy\" decoding=\"async\" width=\"1024\" height=\"683\" src=\"https:\/\/limitierung.at\/wp-content\/uploads\/2020\/08\/DisplayStandfus.jpg\" alt=\"\" class=\"wp-image-141\" srcset=\"https:\/\/limitierung.at\/wp-content\/uploads\/2020\/08\/DisplayStandfus.jpg 1024w, https:\/\/limitierung.at\/wp-content\/uploads\/2020\/08\/DisplayStandfus-300x200.jpg 300w, https:\/\/limitierung.at\/wp-content\/uploads\/2020\/08\/DisplayStandfus-768x512.jpg 768w\" sizes=\"auto, (max-width: 706px) 89vw, (max-width: 767px) 82vw, 740px\" \/><figcaption>65&#8243;-Displays mit Standf\u00fc\u00dfen. Optimal f\u00fcr Pressekonferenzen und Veranstaltungen im eleganten Rahmen.<\/figcaption><\/figure>\n\n\n\n<h2 class=\"wp-block-heading\">Flatscreen mieten &#8211; f\u00fcr elegante Veranstaltungen in Wien und St. P\u00f6lten!<\/h2>\n\n\n\n<p>Mieten Sie bei uns Displays f\u00fcr elegante Veranstaltungen in Wien und St. P\u00f6lten. Vor alem gr\u00f6\u00dfere Displays k\u00f6nnen, ungeachtet ihrer Eleganz, aber auch eine echte Alternative zur klassischen Projektion sein. Gerade im Fall einer zu hellen Umgebungssituation, beispielsweise unter Tageslichtbedingungen in hellen R\u00e4umen, k\u00f6nnen Displays aus unserem Verleih in Wien und St. P\u00f6lten eine echte Alternative darstellen.<\/p>\n","protected":false},"excerpt":{"rendered":"<p>Verleih in Wien und St. P\u00f6lten &#8211; Mieten Sie Displays bis 65 Zoll inkl. Standfu\u00df Mieten Sie bei uns Displays in unterschiedlichen Gr\u00f6\u00dfen. Verf\u00fcgbar sind Displays in 46&#8243;, 55&#8243; und 65&#8243;. Selbst die kleinsten Displays aus unserem Verleih in Wien und St. P\u00f6lten stellen zumindest eine FullHD-Aufl\u00f6sung nativ dar. Gr\u00f6\u00dfere Displays wie jene 55&#8243;er und &hellip; <\/p>\n<p class=\"link-more\"><a href=\"https:\/\/limitierung.at\/index.php\/displays\/\" class=\"more-link\">Continue reading<span class=\"screen-reader-text\"> &#8220;Displays&#8221;<\/span><\/a><\/p>\n","protected":false},"author":1,"featured_media":0,"parent":0,"menu_order":0,"comment_status":"closed","ping_status":"closed","template":"","meta":{"footnotes":""},"class_list":["post-40","page","type-page","status-publish","hentry"],"aioseo_notices":[],"_links":{"self":[{"href":"https:\/\/limitierung.at\/index.php\/wp-json\/wp\/v2\/pages\/40","targetHints":{"allow":["GET"]}}],"collection":[{"href":"https:\/\/limitierung.at\/index.php\/wp-json\/wp\/v2\/pages"}],"about":[{"href":"https:\/\/limitierung.at\/index.php\/wp-json\/wp\/v2\/types\/page"}],"author":[{"embeddable":true,"href":"https:\/\/limitierung.at\/index.php\/wp-json\/wp\/v2\/users\/1"}],"replies":[{"embeddable":true,"href":"https:\/\/limitierung.at\/index.php\/wp-json\/wp\/v2\/comments?post=40"}],"version-history":[{"count":2,"href":"https:\/\/limitierung.at\/index.php\/wp-json\/wp\/v2\/pages\/40\/revisions"}],"predecessor-version":[{"id":143,"href":"https:\/\/limitierung.at\/index.php\/wp-json\/wp\/v2\/pages\/40\/revisions\/143"}],"wp:attachment":[{"href":"https:\/\/limitierung.at\/index.php\/wp-json\/wp\/v2\/media?parent=40"}],"curies":[{"name":"wp","href":"https:\/\/api.w.org\/{rel}","templated":true}]}}