{"id":62,"date":"2020-07-19T08:58:00","date_gmt":"2020-07-19T08:58:00","guid":{"rendered":"https:\/\/limitierung.at\/?page_id=62"},"modified":"2020-08-25T11:18:33","modified_gmt":"2020-08-25T11:18:33","slug":"fixinstallationen","status":"publish","type":"page","link":"https:\/\/limitierung.at\/index.php\/fixinstallationen\/","title":{"rendered":"Fixinstallationen"},"content":{"rendered":"\n<h2 class=\"wp-block-heading\">Tonanlagen. Planung, Errichtung und Inbetriebnahme.<\/h2>\n\n\n\n<p>Wir planen, errichten und nehmen Tonanlagen in Betrieb. Der Schwerpunkt liegt auf Tonanlagen f\u00fcr den kommerziellen Bereich in Gastronomie und Diskotheken. Der gute Ton beginnt dabei im Umgang mit dem Kunden.<\/p>\n\n\n\n<p>Am Anfang steht immer eine Besichtigung. Dabei machen wir uns gemeinsam vor Ort ein Bild vom k\u00fcnftigen Klang. Dann beginnen erst die Planungen.<\/p>\n\n\n\n<figure class=\"wp-block-image size-large\"><img loading=\"lazy\" decoding=\"async\" width=\"1024\" height=\"683\" src=\"https:\/\/limitierung.at\/wp-content\/uploads\/2020\/08\/IMG_20200815_1027339-1024x683.jpg\" alt=\"\" class=\"wp-image-93\" srcset=\"https:\/\/limitierung.at\/wp-content\/uploads\/2020\/08\/IMG_20200815_1027339-1024x683.jpg 1024w, https:\/\/limitierung.at\/wp-content\/uploads\/2020\/08\/IMG_20200815_1027339-300x200.jpg 300w, https:\/\/limitierung.at\/wp-content\/uploads\/2020\/08\/IMG_20200815_1027339-768x512.jpg 768w, https:\/\/limitierung.at\/wp-content\/uploads\/2020\/08\/IMG_20200815_1027339-1536x1024.jpg 1536w, https:\/\/limitierung.at\/wp-content\/uploads\/2020\/08\/IMG_20200815_1027339.jpg 1600w\" sizes=\"auto, (max-width: 706px) 89vw, (max-width: 767px) 82vw, 740px\" \/><\/figure>\n\n\n\n<h2 class=\"wp-block-heading\">Bau von Tonanlagen, Einpegelung, Limitierung und Plombierung.<\/h2>\n\n\n\n<p>Im Zuge einer sorgf\u00e4ltigen Planung f\u00fcr den Bau einer Tonanlage studieren wir beh\u00f6rdliche Auflagen und Vorschriften. Auf Basis dieser dimensionieren wir die Tonanlage f\u00fcr Ihren Betrieb. Dieser Schritt ist wesentlich, da wir nur so sicherstellen k\u00f6nnen, dass die Tonanlage einerseits beh\u00f6rdliche Auflagen erf\u00fcllt und andererseits nicht unn\u00f6tige (finanzielle) Ressourcen bindet.<\/p>\n\n\n\n<p>Ist eine Tonanlage zun\u00e4chst einmal prinzipiell verkabelt und fertiggestellt, muss in einem weiteren Schritt sodann die Betriebssoftware angepasst werden. Die Anlage wird in diesem Zuge klanglich optimiert und eingepegelt. Am Schluss werden dann erst Maximalpegel gestellt und die Anlage dadurch limitiert. Eine Plombe sch\u00fctzt sodann vor versentlichem Verstellen der Werte. So ist \u00fcber lange Zeit ein einwandfreier Betrieb gew\u00e4hrleistet.<\/p>\n\n\n\n<figure class=\"wp-block-image size-large\"><img loading=\"lazy\" decoding=\"async\" width=\"1024\" height=\"683\" src=\"https:\/\/limitierung.at\/wp-content\/uploads\/2020\/08\/IMG_20200815_1028047-1024x683.jpg\" alt=\"\" class=\"wp-image-94\" srcset=\"https:\/\/limitierung.at\/wp-content\/uploads\/2020\/08\/IMG_20200815_1028047-1024x683.jpg 1024w, https:\/\/limitierung.at\/wp-content\/uploads\/2020\/08\/IMG_20200815_1028047-300x200.jpg 300w, https:\/\/limitierung.at\/wp-content\/uploads\/2020\/08\/IMG_20200815_1028047-768x512.jpg 768w, https:\/\/limitierung.at\/wp-content\/uploads\/2020\/08\/IMG_20200815_1028047-1536x1024.jpg 1536w, https:\/\/limitierung.at\/wp-content\/uploads\/2020\/08\/IMG_20200815_1028047.jpg 1600w\" sizes=\"auto, (max-width: 706px) 89vw, (max-width: 767px) 82vw, 740px\" \/><\/figure>\n","protected":false},"excerpt":{"rendered":"<p>Tonanlagen. Planung, Errichtung und Inbetriebnahme. Wir planen, errichten und nehmen Tonanlagen in Betrieb. Der Schwerpunkt liegt auf Tonanlagen f\u00fcr den kommerziellen Bereich in Gastronomie und Diskotheken. Der gute Ton beginnt dabei im Umgang mit dem Kunden. Am Anfang steht immer eine Besichtigung. Dabei machen wir uns gemeinsam vor Ort ein Bild vom k\u00fcnftigen Klang. Dann &hellip; <\/p>\n<p class=\"link-more\"><a href=\"https:\/\/limitierung.at\/index.php\/fixinstallationen\/\" class=\"more-link\">Continue reading<span class=\"screen-reader-text\"> &#8220;Fixinstallationen&#8221;<\/span><\/a><\/p>\n","protected":false},"author":1,"featured_media":0,"parent":0,"menu_order":0,"comment_status":"closed","ping_status":"closed","template":"","meta":{"footnotes":""},"class_list":["post-62","page","type-page","status-publish","hentry"],"aioseo_notices":[],"_links":{"self":[{"href":"https:\/\/limitierung.at\/index.php\/wp-json\/wp\/v2\/pages\/62","targetHints":{"allow":["GET"]}}],"collection":[{"href":"https:\/\/limitierung.at\/index.php\/wp-json\/wp\/v2\/pages"}],"about":[{"href":"https:\/\/limitierung.at\/index.php\/wp-json\/wp\/v2\/types\/page"}],"author":[{"embeddable":true,"href":"https:\/\/limitierung.at\/index.php\/wp-json\/wp\/v2\/users\/1"}],"replies":[{"embeddable":true,"href":"https:\/\/limitierung.at\/index.php\/wp-json\/wp\/v2\/comments?post=62"}],"version-history":[{"count":3,"href":"https:\/\/limitierung.at\/index.php\/wp-json\/wp\/v2\/pages\/62\/revisions"}],"predecessor-version":[{"id":96,"href":"https:\/\/limitierung.at\/index.php\/wp-json\/wp\/v2\/pages\/62\/revisions\/96"}],"wp:attachment":[{"href":"https:\/\/limitierung.at\/index.php\/wp-json\/wp\/v2\/media?parent=62"}],"curies":[{"name":"wp","href":"https:\/\/api.w.org\/{rel}","templated":true}]}}