{"id":63,"date":"2020-07-19T08:58:01","date_gmt":"2020-07-19T08:58:01","guid":{"rendered":"https:\/\/limitierung.at\/?page_id=63"},"modified":"2020-08-25T09:10:17","modified_gmt":"2020-08-25T09:10:17","slug":"mobile-anlagen","status":"publish","type":"page","link":"https:\/\/limitierung.at\/index.php\/mobile-anlagen\/","title":{"rendered":"Mobile Anlagen"},"content":{"rendered":"\n<h2 class=\"wp-block-heading\">Parade Trucks, Tonanlagen auf Demo Trucks, Regenbogenparaden \u2026<\/h2>\n\n\n\n<p>Mit Power aus Stromaggregaten, mobilen Beschallungsanlagen und Remmidemmi ziehen Paradetrucks und Demorucks \u00fcber die Stra\u00dfen. Trotz ausgelassener Stimmung m\u00fcssen immer wieder aber auch beh\u00f6rdliche Auflagen beachtet werden.<\/p>\n\n\n\n<p>Einerseits betrifft das nat\u00fcrlich grunds\u00e4tzliche Personensicherheitskonzepte zum allgemeinen Schutz vor Unf\u00e4llen. Andererseits schreiben Beh\u00f6rden immer \u00f6fter aber auch hinsichtlich Lautst\u00e4rke der Musikdarbietungen Grenzwerte vor. <a href=\"https:\/\/limitierung.at\/index.php\/einmessen\/\" target=\"_blank\" rel=\"noreferrer noopener\" title=\"Einmessen\">Wir sorgen daf\u00fcr, dass diese eingehalten werden.<\/a><\/p>\n\n\n\n<figure class=\"wp-block-image size-large\"><img loading=\"lazy\" decoding=\"async\" width=\"900\" height=\"447\" src=\"https:\/\/limitierung.at\/wp-content\/uploads\/2020\/08\/ParadeTon.jpg\" alt=\"\" class=\"wp-image-110\" srcset=\"https:\/\/limitierung.at\/wp-content\/uploads\/2020\/08\/ParadeTon.jpg 900w, https:\/\/limitierung.at\/wp-content\/uploads\/2020\/08\/ParadeTon-300x149.jpg 300w, https:\/\/limitierung.at\/wp-content\/uploads\/2020\/08\/ParadeTon-768x381.jpg 768w\" sizes=\"auto, (max-width: 706px) 89vw, (max-width: 767px) 82vw, 740px\" \/><figcaption>Parade Trucks auf der Wiener Regenbogenparade: Wir sind seit vielen Jahren stets vor Ort!<\/figcaption><\/figure>\n\n\n\n<h2 class=\"wp-block-heading\">DJ Equipment Verleih. Mieten Sie DJ-Sets in Wien und St. P\u00f6lten!<\/h2>\n\n\n\n<p>In unserem Verleih buchen Sie ganze Fahrzeuge (LKW, Sattelschlepper, &#8230;) f\u00fcr Ihre Teilnahme an Paraden, Demoz\u00fcgen etc., &#8230; . Dazu passend liefern wir die n\u00f6tige Stromversorgung, kraftvolle Tonanlagen und das n\u00f6tige DJ-Set bzw. DJ Equipment in Wien und St. P\u00f6lten. Mehr dazu auf <a href=\"http:\/\/djsetverleih.at\/\" target=\"_blank\" rel=\"noreferrer noopener\">www.djsetverleih.at<\/a><\/p>\n","protected":false},"excerpt":{"rendered":"<p>Parade Trucks, Tonanlagen auf Demo Trucks, Regenbogenparaden \u2026 Mit Power aus Stromaggregaten, mobilen Beschallungsanlagen und Remmidemmi ziehen Paradetrucks und Demorucks \u00fcber die Stra\u00dfen. Trotz ausgelassener Stimmung m\u00fcssen immer wieder aber auch beh\u00f6rdliche Auflagen beachtet werden. Einerseits betrifft das nat\u00fcrlich grunds\u00e4tzliche Personensicherheitskonzepte zum allgemeinen Schutz vor Unf\u00e4llen. Andererseits schreiben Beh\u00f6rden immer \u00f6fter aber auch hinsichtlich Lautst\u00e4rke &hellip; <\/p>\n<p class=\"link-more\"><a href=\"https:\/\/limitierung.at\/index.php\/mobile-anlagen\/\" class=\"more-link\">Continue reading<span class=\"screen-reader-text\"> &#8220;Mobile Anlagen&#8221;<\/span><\/a><\/p>\n","protected":false},"author":1,"featured_media":0,"parent":0,"menu_order":0,"comment_status":"closed","ping_status":"closed","template":"","meta":{"footnotes":""},"class_list":["post-63","page","type-page","status-publish","hentry"],"aioseo_notices":[],"_links":{"self":[{"href":"https:\/\/limitierung.at\/index.php\/wp-json\/wp\/v2\/pages\/63","targetHints":{"allow":["GET"]}}],"collection":[{"href":"https:\/\/limitierung.at\/index.php\/wp-json\/wp\/v2\/pages"}],"about":[{"href":"https:\/\/limitierung.at\/index.php\/wp-json\/wp\/v2\/types\/page"}],"author":[{"embeddable":true,"href":"https:\/\/limitierung.at\/index.php\/wp-json\/wp\/v2\/users\/1"}],"replies":[{"embeddable":true,"href":"https:\/\/limitierung.at\/index.php\/wp-json\/wp\/v2\/comments?post=63"}],"version-history":[{"count":3,"href":"https:\/\/limitierung.at\/index.php\/wp-json\/wp\/v2\/pages\/63\/revisions"}],"predecessor-version":[{"id":112,"href":"https:\/\/limitierung.at\/index.php\/wp-json\/wp\/v2\/pages\/63\/revisions\/112"}],"wp:attachment":[{"href":"https:\/\/limitierung.at\/index.php\/wp-json\/wp\/v2\/media?parent=63"}],"curies":[{"name":"wp","href":"https:\/\/api.w.org\/{rel}","templated":true}]}}