{"id":64,"date":"2020-07-19T08:58:01","date_gmt":"2020-07-19T08:58:01","guid":{"rendered":"https:\/\/limitierung.at\/?page_id=64"},"modified":"2020-08-25T09:26:22","modified_gmt":"2020-08-25T09:26:22","slug":"veranstaltungen","status":"publish","type":"page","link":"https:\/\/limitierung.at\/index.php\/veranstaltungen\/","title":{"rendered":"Veranstaltungen"},"content":{"rendered":"\n<h2 class=\"wp-block-heading\">Limitierung und Plombierung von Tonanlagen bei Veranstaltungen.<\/h2>\n\n\n\n<p>Immer \u00f6fter m\u00fcssen auch bei Veranstaltungen Tonanlagen nach beh\u00f6rdlichen Vorgaben limitiert und plombiert werden. Das betrifft sowohl Veranstaltungen im \u00f6ffentlichen Raum \/ Open-Air wie auch in geschlossenen R\u00e4umen. In \u00fcblichen Veranstaltungslocations kommt es ebenfalls immer \u00f6fter vor, dass Tonanlagen entweder bereits limitiert und plombiert sind oder dies im Zuge einer Veranstaltung gemacht werden muss.<\/p>\n\n\n\n<figure class=\"wp-block-image size-large\"><img loading=\"lazy\" decoding=\"async\" width=\"1024\" height=\"683\" src=\"https:\/\/limitierung.at\/wp-content\/uploads\/2020\/08\/IMG_20200119_0316162-1024x683.jpg\" alt=\"\" class=\"wp-image-116\" srcset=\"https:\/\/limitierung.at\/wp-content\/uploads\/2020\/08\/IMG_20200119_0316162-1024x683.jpg 1024w, https:\/\/limitierung.at\/wp-content\/uploads\/2020\/08\/IMG_20200119_0316162-300x200.jpg 300w, https:\/\/limitierung.at\/wp-content\/uploads\/2020\/08\/IMG_20200119_0316162-768x512.jpg 768w, https:\/\/limitierung.at\/wp-content\/uploads\/2020\/08\/IMG_20200119_0316162-1536x1024.jpg 1536w, https:\/\/limitierung.at\/wp-content\/uploads\/2020\/08\/IMG_20200119_0316162.jpg 1600w\" sizes=\"auto, (max-width: 706px) 89vw, (max-width: 767px) 82vw, 740px\" \/><figcaption>Fixinstallation im Palais-Auersperg: Die perfekte Location f\u00fcr Business und Party!<\/figcaption><\/figure>\n\n\n\n<h2 class=\"wp-block-heading\">DJ-Equipment Verleih in Wien und St. P\u00f6lten<\/h2>\n\n\n\n<p>Passend zu Ihrer Veranstaltung mieten Sie bei djsetverleih.at DJ-Equipment aus unserem Verleih in Wien oder St. P\u00f6lten. Mieten Sie die aktuellste <a href=\"http:\/\/djsetverleih.at\/pioneer-cdj2000-nexus2\/\" target=\"_blank\" rel=\"noreferrer noopener\">Pioneer CDJ2000NXS2 Mediaplayer<\/a> oder das<a href=\"http:\/\/djsetverleih.at\/pioneer-djm900-nxs2\/\" target=\"_blank\" rel=\"noreferrer noopener\"> Pioneer DJM900NXS2 DJ-Mischpult<\/a>. Oder ganz einfach den beliebten <a href=\"http:\/\/djsetverleih.at\/pioneer-cdj2000-nexus\/\" target=\"_blank\" rel=\"noreferrer noopener\">Pioneer CDJ2000 Nexus Player<\/a> und das <a href=\"http:\/\/djsetverleih.at\/pioneer-djm900-nexus\/\" target=\"_blank\" rel=\"noreferrer noopener\">Pioneer DJM900 Nexus DJ-Pult<\/a>. Passend dazu bekommen Sie bei uns nat\u00fcrlich auch ganze Tonanlagen. Mobile Akkuboxen f\u00fcr beeindruckend pr\u00e4senten Sound ganz ohne Steckdose unterwegs. Klassische Aktivboxen beispielsweise f\u00fcr Hochzeits-DJ\u00b4s oder auch ganze Soundanlagen f\u00fcr Paradetrucks und Demoz\u00fcge. Nicht zuletzt auch Fixinstallationen.<\/p>\n","protected":false},"excerpt":{"rendered":"<p>Limitierung und Plombierung von Tonanlagen bei Veranstaltungen. Immer \u00f6fter m\u00fcssen auch bei Veranstaltungen Tonanlagen nach beh\u00f6rdlichen Vorgaben limitiert und plombiert werden. Das betrifft sowohl Veranstaltungen im \u00f6ffentlichen Raum \/ Open-Air wie auch in geschlossenen R\u00e4umen. In \u00fcblichen Veranstaltungslocations kommt es ebenfalls immer \u00f6fter vor, dass Tonanlagen entweder bereits limitiert und plombiert sind oder dies im &hellip; <\/p>\n<p class=\"link-more\"><a href=\"https:\/\/limitierung.at\/index.php\/veranstaltungen\/\" class=\"more-link\">Continue reading<span class=\"screen-reader-text\"> &#8220;Veranstaltungen&#8221;<\/span><\/a><\/p>\n","protected":false},"author":1,"featured_media":0,"parent":0,"menu_order":0,"comment_status":"closed","ping_status":"closed","template":"","meta":{"footnotes":""},"class_list":["post-64","page","type-page","status-publish","hentry"],"aioseo_notices":[],"_links":{"self":[{"href":"https:\/\/limitierung.at\/index.php\/wp-json\/wp\/v2\/pages\/64","targetHints":{"allow":["GET"]}}],"collection":[{"href":"https:\/\/limitierung.at\/index.php\/wp-json\/wp\/v2\/pages"}],"about":[{"href":"https:\/\/limitierung.at\/index.php\/wp-json\/wp\/v2\/types\/page"}],"author":[{"embeddable":true,"href":"https:\/\/limitierung.at\/index.php\/wp-json\/wp\/v2\/users\/1"}],"replies":[{"embeddable":true,"href":"https:\/\/limitierung.at\/index.php\/wp-json\/wp\/v2\/comments?post=64"}],"version-history":[{"count":3,"href":"https:\/\/limitierung.at\/index.php\/wp-json\/wp\/v2\/pages\/64\/revisions"}],"predecessor-version":[{"id":117,"href":"https:\/\/limitierung.at\/index.php\/wp-json\/wp\/v2\/pages\/64\/revisions\/117"}],"wp:attachment":[{"href":"https:\/\/limitierung.at\/index.php\/wp-json\/wp\/v2\/media?parent=64"}],"curies":[{"name":"wp","href":"https:\/\/api.w.org\/{rel}","templated":true}]}}