{"id":66,"date":"2020-07-19T08:58:02","date_gmt":"2020-07-19T08:58:02","guid":{"rendered":"https:\/\/limitierung.at\/?page_id=66"},"modified":"2020-08-28T12:06:10","modified_gmt":"2020-08-28T12:06:10","slug":"anwendungsgebiete","status":"publish","type":"page","link":"https:\/\/limitierung.at\/index.php\/anwendungsgebiete\/","title":{"rendered":"Anwendungsgebiete"},"content":{"rendered":"\n<h2 class=\"wp-block-heading\">Limitierung und Plombierung von Soundanlagen und Tonanlagen. Wien und St. P\u00f6lten!<\/h2>\n\n\n\n<p>Immer h\u00e4ufiger m\u00fcssen technische Anlagen zur Musikdarbietung, kurz, Soundanlagen oder Tonanlagen, limitiert und plombiert werden. Wir f\u00fchren Limitierungen und Plombierungen in Wien und St. P\u00f6lten nach beh\u00f6rdlichen- oder sonstigen Vorgaben durch. <\/p>\n\n\n\n<figure class=\"wp-block-image size-large\"><img loading=\"lazy\" decoding=\"async\" width=\"1024\" height=\"683\" src=\"https:\/\/limitierung.at\/wp-content\/uploads\/2020\/08\/IMG_20200715_1701203-1-1024x683.jpg\" alt=\"\" class=\"wp-image-170\" srcset=\"https:\/\/limitierung.at\/wp-content\/uploads\/2020\/08\/IMG_20200715_1701203-1-1024x683.jpg 1024w, https:\/\/limitierung.at\/wp-content\/uploads\/2020\/08\/IMG_20200715_1701203-1-300x200.jpg 300w, https:\/\/limitierung.at\/wp-content\/uploads\/2020\/08\/IMG_20200715_1701203-1-768x512.jpg 768w, https:\/\/limitierung.at\/wp-content\/uploads\/2020\/08\/IMG_20200715_1701203-1-1536x1024.jpg 1536w, https:\/\/limitierung.at\/wp-content\/uploads\/2020\/08\/IMG_20200715_1701203-1.jpg 1600w\" sizes=\"auto, (max-width: 706px) 89vw, (max-width: 767px) 82vw, 740px\" \/><figcaption>Geeichte Messger\u00e4te: Nur mit Klasse-1 Messinstrumenten d\u00fcrfen offizielle Messungen durchgef\u00fchrt werden.<\/figcaption><\/figure>\n\n\n\n<p>Bei Fixinstallationen von Tonanlagen in Wien und St. P\u00f6lten ist es mittlerweile gang und g\u00e4be, dass vonseiten der zust\u00e4ndigen Beh\u00f6rden die Limitierung und Plombierung von Tonanlagen vorgeschrieben wird. Allerdings sind derartige Auflagen und Vorschriften auch im Fall mobiler Anwendungen, beispielsweise bei Open-Air-Veranstaltungen (B\u00fchnenshows, Konzerte, Sommerkinos etc., &#8230;) sowie im Fall von Paradetrucks und Demoz\u00fcgen nicht un\u00fcblich. Wir begleiten Sie durch den Prozess der Erf\u00fcllung ebendieser Auflagen. Damit eine gelungene Veranstaltung stattfinden kann!<\/p>\n\n\n\n<h2 class=\"wp-block-heading\">Soundanlage plombieren. Am Paradetruck und bei Demoz\u00fcgen?<\/h2>\n\n\n\n<p>Insbesondere bei Streetparades (zB.: Regenbogenparade, &#8230;), Umz\u00fcgen und auch bei anderen Open-Air Events m\u00fcssen Soundanlagen und Tonanlage auf Trucks immer \u00f6fter limitiert und plombiert werden, um nachweislich sicherzustellen, dass beh\u00f6rdliche angeordnete (Maximal-)Werte eingehalten werden. <\/p>\n\n\n\n<figure class=\"wp-block-image size-large\"><img loading=\"lazy\" decoding=\"async\" width=\"1024\" height=\"576\" src=\"https:\/\/limitierung.at\/wp-content\/uploads\/2020\/08\/Parade-1024x576.jpg\" alt=\"\" class=\"wp-image-172\" srcset=\"https:\/\/limitierung.at\/wp-content\/uploads\/2020\/08\/Parade-1024x576.jpg 1024w, https:\/\/limitierung.at\/wp-content\/uploads\/2020\/08\/Parade-300x169.jpg 300w, https:\/\/limitierung.at\/wp-content\/uploads\/2020\/08\/Parade-768x432.jpg 768w, https:\/\/limitierung.at\/wp-content\/uploads\/2020\/08\/Parade-1536x864.jpg 1536w, https:\/\/limitierung.at\/wp-content\/uploads\/2020\/08\/Parade.jpg 2048w\" sizes=\"auto, (max-width: 706px) 89vw, (max-width: 767px) 82vw, 740px\" \/><figcaption>Von Anfang an auf Schiene: Die Regenbogenparade in Wien!<\/figcaption><\/figure>\n\n\n\n<p>Wir stellen Ihnen den fix-fertigen Paradetruck vor die T\u00fcre! Bestellen Sie bei uns beispielsweise einen LKW oder Sattelschlepper f\u00fcr Ihre Teilnahme an einer Parade, einem Umzug oder einer Demonstration. <a href=\"http:\/\/djsetverleih.at\/\" target=\"_blank\" rel=\"noreferrer noopener\">Wir k\u00fcmmern uns um die Beschaffung des Fahrzeugs samt Fahrer, Stromversorgung (Stromaggregat), Soundanlage \/ Tonanlage, DJ-Equipment (via djsetverleih.at<\/a>) und nat\u00fcrlich auch die notwendige Limitierung und Plombierung. <\/p>\n","protected":false},"excerpt":{"rendered":"<p>Limitierung und Plombierung von Soundanlagen und Tonanlagen. Wien und St. P\u00f6lten! Immer h\u00e4ufiger m\u00fcssen technische Anlagen zur Musikdarbietung, kurz, Soundanlagen oder Tonanlagen, limitiert und plombiert werden. Wir f\u00fchren Limitierungen und Plombierungen in Wien und St. P\u00f6lten nach beh\u00f6rdlichen- oder sonstigen Vorgaben durch. Bei Fixinstallationen von Tonanlagen in Wien und St. P\u00f6lten ist es mittlerweile gang &hellip; <\/p>\n<p class=\"link-more\"><a href=\"https:\/\/limitierung.at\/index.php\/anwendungsgebiete\/\" class=\"more-link\">Continue reading<span class=\"screen-reader-text\"> &#8220;Anwendungsgebiete&#8221;<\/span><\/a><\/p>\n","protected":false},"author":1,"featured_media":0,"parent":0,"menu_order":0,"comment_status":"closed","ping_status":"closed","template":"","meta":{"footnotes":""},"class_list":["post-66","page","type-page","status-publish","hentry"],"aioseo_notices":[],"_links":{"self":[{"href":"https:\/\/limitierung.at\/index.php\/wp-json\/wp\/v2\/pages\/66","targetHints":{"allow":["GET"]}}],"collection":[{"href":"https:\/\/limitierung.at\/index.php\/wp-json\/wp\/v2\/pages"}],"about":[{"href":"https:\/\/limitierung.at\/index.php\/wp-json\/wp\/v2\/types\/page"}],"author":[{"embeddable":true,"href":"https:\/\/limitierung.at\/index.php\/wp-json\/wp\/v2\/users\/1"}],"replies":[{"embeddable":true,"href":"https:\/\/limitierung.at\/index.php\/wp-json\/wp\/v2\/comments?post=66"}],"version-history":[{"count":5,"href":"https:\/\/limitierung.at\/index.php\/wp-json\/wp\/v2\/pages\/66\/revisions"}],"predecessor-version":[{"id":173,"href":"https:\/\/limitierung.at\/index.php\/wp-json\/wp\/v2\/pages\/66\/revisions\/173"}],"wp:attachment":[{"href":"https:\/\/limitierung.at\/index.php\/wp-json\/wp\/v2\/media?parent=66"}],"curies":[{"name":"wp","href":"https:\/\/api.w.org\/{rel}","templated":true}]}}