{"id":9,"date":"2020-07-19T08:33:48","date_gmt":"2020-07-19T08:33:48","guid":{"rendered":"https:\/\/limitierung.at\/?page_id=9"},"modified":"2020-08-28T11:54:31","modified_gmt":"2020-08-28T11:54:31","slug":"limitierungtonanlage","status":"publish","type":"page","link":"https:\/\/limitierung.at\/index.php\/limitierungtonanlage\/","title":{"rendered":"Limitierung und Plombierung von Tonanlagen"},"content":{"rendered":"\n<h2 class=\"wp-block-heading\">Limitierung und Plombierung: Tonanlagen in Bars, Restaurants, Clubs und  Diskotheken. Soundanlagen bei Veranstaltungen.<\/h2>\n\n\n\n<p>Wir stellen Ihre Tonanlage \/ Soundanlage so ein, dass sie beh\u00f6rdlichen Auflagen entspricht. Mit den geeigneten geeichten Messinstrumenten und passenden Limitern passen wir mobile und fix installierte Tonanlagen den Erfordernissen an.<\/p>\n\n\n\n<p>Eine Limitierung und Plombierung einer Tonanlage bzw. Soundanlage bedarf mehrerer Schritte. Im g\u00fcnstigen Fall k\u00f6nnen die n\u00f6tigen Arbeiten aber binnen nur eines Tages vollst\u00e4ndig abgeschlossen werden. Als Auftraggeber erhalten Sie sodann s\u00e4mtliche zur Vorlage bei der Beh\u00f6rde notwendigen Dokumente: Messprotokoll, Anlagenbeschreibung und Beispiel-Plombe.<\/p>\n","protected":false},"excerpt":{"rendered":"<p>Limitierung und Plombierung: Tonanlagen in Bars, Restaurants, Clubs und Diskotheken. Soundanlagen bei Veranstaltungen. Wir stellen Ihre Tonanlage \/ Soundanlage so ein, dass sie beh\u00f6rdlichen Auflagen entspricht. Mit den geeigneten geeichten Messinstrumenten und passenden Limitern passen wir mobile und fix installierte Tonanlagen den Erfordernissen an. Eine Limitierung und Plombierung einer Tonanlage bzw. Soundanlage bedarf mehrerer Schritte. &hellip; <\/p>\n<p class=\"link-more\"><a href=\"https:\/\/limitierung.at\/index.php\/limitierungtonanlage\/\" class=\"more-link\">Continue reading<span class=\"screen-reader-text\"> &#8220;Limitierung und Plombierung von Tonanlagen&#8221;<\/span><\/a><\/p>\n","protected":false},"author":1,"featured_media":0,"parent":0,"menu_order":0,"comment_status":"closed","ping_status":"closed","template":"","meta":{"footnotes":""},"class_list":["post-9","page","type-page","status-publish","hentry"],"aioseo_notices":[],"_links":{"self":[{"href":"https:\/\/limitierung.at\/index.php\/wp-json\/wp\/v2\/pages\/9","targetHints":{"allow":["GET"]}}],"collection":[{"href":"https:\/\/limitierung.at\/index.php\/wp-json\/wp\/v2\/pages"}],"about":[{"href":"https:\/\/limitierung.at\/index.php\/wp-json\/wp\/v2\/types\/page"}],"author":[{"embeddable":true,"href":"https:\/\/limitierung.at\/index.php\/wp-json\/wp\/v2\/users\/1"}],"replies":[{"embeddable":true,"href":"https:\/\/limitierung.at\/index.php\/wp-json\/wp\/v2\/comments?post=9"}],"version-history":[{"count":5,"href":"https:\/\/limitierung.at\/index.php\/wp-json\/wp\/v2\/pages\/9\/revisions"}],"predecessor-version":[{"id":168,"href":"https:\/\/limitierung.at\/index.php\/wp-json\/wp\/v2\/pages\/9\/revisions\/168"}],"wp:attachment":[{"href":"https:\/\/limitierung.at\/index.php\/wp-json\/wp\/v2\/media?parent=9"}],"curies":[{"name":"wp","href":"https:\/\/api.w.org\/{rel}","templated":true}]}}